{"id":1387,"date":"2013-06-30T11:13:27","date_gmt":"2013-06-30T15:13:27","guid":{"rendered":"http:\/\/betweenillnessandmigration.com\/a-view-from-within-official-video-2\/"},"modified":"2014-08-16T12:17:07","modified_gmt":"2014-08-16T16:17:07","slug":"a-view-from-within-official-video","status":"publish","type":"page","link":"http:\/\/betweenillnessandmigration.com\/fr\/videos\/a-view-from-within-official-video\/","title":{"rendered":"A View From Within &#8211; Vid\u00e9o Officielle"},"content":{"rendered":"<div class=\"videowrapper\"><iframe loading=\"lazy\" width=\"644\" height=\"362\" src=\"http:\/\/www.youtube.com\/embed\/OMtL57pXlz0\" frameborder=\"0\" allowfullscreen><\/iframe><\/div>\n<div class=\"box-content\">La chanson la plus atypique \u00e9crite par Your Favorite Enemies, \u00ab A View From Within \u00bb poss\u00e8de des tons aux allures nocturnes, licencieuses, sensuelles, ambig\u00fces et de doutes de soi, offrant une perspective r\u00e9fl\u00e9chissant les conflits int\u00e9rieurs d\u00e9finis par une fa\u00e7on h\u00e9doniste moderne de vivre ses fantasmes et par le d\u00e9sir de vivre des \u00e9motions pures et \u00e9ternelles. La chanson, ainsi que le vid\u00e9o-clip, repr\u00e9sentent la capacit\u00e9 unique de Your Favorite Enemies \u00e0 toucher les 2 extr\u00e9mit\u00e9s du spectre des \u00e9motions sans d\u00e9tour ni compromis\u2026 C\u2019est clair, il appartient maintenant \u00e0 chacun de trouver sa propre voie. <\/div>\n","protected":false},"excerpt":{"rendered":"<p>La chanson la plus atypique \u00e9crite par Your Favorite Enemies, \u00ab A View From Within \u00bb poss\u00e8de des tons aux allures nocturnes, licencieuses, sensuelles, ambig\u00fces et de doutes de soi, offrant une perspective r\u00e9fl\u00e9chissant les conflits int\u00e9rieurs d\u00e9finis par une fa\u00e7on h\u00e9doniste moderne de vivre ses fantasmes et par le d\u00e9sir de vivre des \u00e9motions [&hellip;]<\/p>\n","protected":false},"author":1,"featured_media":0,"parent":938,"menu_order":0,"comment_status":"open","ping_status":"closed","template":"","meta":{"footnotes":""},"class_list":["post-1387","page","type-page","status-publish","hentry"],"_links":{"self":[{"href":"http:\/\/betweenillnessandmigration.com\/fr\/wp-json\/wp\/v2\/pages\/1387","targetHints":{"allow":["GET"]}}],"collection":[{"href":"http:\/\/betweenillnessandmigration.com\/fr\/wp-json\/wp\/v2\/pages"}],"about":[{"href":"http:\/\/betweenillnessandmigration.com\/fr\/wp-json\/wp\/v2\/types\/page"}],"author":[{"embeddable":true,"href":"http:\/\/betweenillnessandmigration.com\/fr\/wp-json\/wp\/v2\/users\/1"}],"replies":[{"embeddable":true,"href":"http:\/\/betweenillnessandmigration.com\/fr\/wp-json\/wp\/v2\/comments?post=1387"}],"version-history":[{"count":7,"href":"http:\/\/betweenillnessandmigration.com\/fr\/wp-json\/wp\/v2\/pages\/1387\/revisions"}],"predecessor-version":[{"id":2938,"href":"http:\/\/betweenillnessandmigration.com\/fr\/wp-json\/wp\/v2\/pages\/1387\/revisions\/2938"}],"up":[{"embeddable":true,"href":"http:\/\/betweenillnessandmigration.com\/fr\/wp-json\/wp\/v2\/pages\/938"}],"wp:attachment":[{"href":"http:\/\/betweenillnessandmigration.com\/fr\/wp-json\/wp\/v2\/media?parent=1387"}],"curies":[{"name":"wp","href":"https:\/\/api.w.org\/{rel}","templated":true}]}}