{"id":1453,"date":"2013-07-08T10:58:58","date_gmt":"2013-07-08T14:58:58","guid":{"rendered":"http:\/\/betweenillnessandmigration.com\/youthful-dreams-of-an-old-empire-ep-2\/"},"modified":"2013-07-08T11:04:41","modified_gmt":"2013-07-08T15:04:41","slug":"youthful-dreams-of-an-old-empire-ep","status":"publish","type":"page","link":"http:\/\/betweenillnessandmigration.com\/fr\/album-versions\/youthful-dreams-of-an-old-empire-ep\/","title":{"rendered":"Youthful Dreams Of An Old Empire EP"},"content":{"rendered":"<p><div class=\"omsc-one-half\"><img decoding=\"async\" src=\"http:\/\/betweenillnessandmigration.com\/wp-content\/uploads\/images\/youthful_dreams_cover.jpg\" width=\"90%\" height=\"90%\"><\/p>\n<p><strong>Obtenez le EP sur le YFE Store!<\/strong><br \/>\n&#8211; <a href=\"http:\/\/yfestore.com\/main\/items\/product-category\/between-illness-and-migration\/\" target=\"_blank\">International<\/a><br \/>\n&#8211; <a href=\"http:\/\/yfestore.com\/jp\/items\/product-category\/between-illness-and-migration\/\" target=\"_blank\">Japan<\/a><br \/>\n&#8211; <a href=\"http:\/\/yfestore.com\/fr\/items\/categorie-produit\/between-illness-and-migration\/\" target=\"_blank\">France<\/a><br \/>\n&#8211; <a href=\"http:\/\/yfestore.com\/qc\/items\/categorie-produit\/between-illness-and-migration\/\">Quebec<\/a><\/p>\n<p><div class=\"clear\"><\/div><\/div><div class=\"omsc-one-half omsc-last\">\n<div class=\"box-note\" style=\"margin-top:0px; font-family:futura; font-size:20px; line-height:20px;\">Pistes de l&rsquo;Album<\/div>\n<p>&#8211; Satsuki Yami<br \/>\n&#8211; <a href=\"http:\/\/betweenillnessandmigration.com\/fr\/paroles\/empire-of-sorrows\">Empire Of Sorrows<\/a><br \/>\n&#8211; <a href=\"http:\/\/betweenillnessandmigration.com\/fr\/paroles\/a-view-from-within\">A View From Within<\/a><br \/>\n<div class=\"clear\"><\/div><\/div><div class=\"omsc-clear\"><\/div><\/p>\n<div class=\"box-note\" style=\"margin-top:0px; font-family:futura; font-size:20px; line-height:20px;\">Informations Sur l&rsquo;Album<\/div>\n<p>Un m\u00e9lange d\u2019alternatif, de shoegaze, de new prog et de noise rock, \u00ab Youthful Dreams Of An Old Empire \u00bb est la trame sonore d\u2019une paix \u00e0 travers la confusion, d\u2019un r\u00e9confort \u00e0 travers le d\u00e9sespoir, d\u2019un amour \u00e0 travers les d\u00e9sirs et d\u2019un l\u00e2cher prise r\u00eaveur \u00e0 travers une violente angoisse. Le EP contenant 3 chansons voyage d\u2019une extr\u00e9mit\u00e9 \u00e0 l\u2019autre du spectre \u00e9motionnel, \u00e0 travers lequel le groupe red\u00e9finit les textures de sa distinctive identit\u00e9 sonore.<\/p>\n<p>Les atmosph\u00e8res domin\u00e9es par les guitares, les claviers bourdonnants, les lignes de basse sinueuses ainsi que les rythmes tordus de la batterie se font parfaitement collision dans un chaos de haut niveau, supportant ainsi la voix d\u2019Alex Foster, parfois extr\u00eamement enrag\u00e9e, parfois afflig\u00e9e mais emplie d\u2019espoir, refl\u00e9tant toujours le ton sinc\u00e8re clair-obscur de sa po\u00e9sie unique.<\/p>\n<p>De la plainte r\u00eaveuse qu\u2019est \u00ab Satsuki Yami \u00bb, \u00e0 la singuli\u00e8re po\u00e9sie de \u00ab Empire Of Sorrows \u00bb et la fascinante essence du single \u00ab A View From Within \u00bb, \u00ab Youthful Dreams Of An Old Empire \u00bb est un voyage en soi, une renaissance v\u00e9ritable, une fa\u00e7on de trouver, de tout perdre, et de r\u00e9inventer la nature propre d\u2019une aube nouvelle\u2026<\/p>\n","protected":false},"excerpt":{"rendered":"<p>Informations Sur l&rsquo;Album Un m\u00e9lange d\u2019alternatif, de shoegaze, de new prog et de noise rock, \u00ab Youthful Dreams Of An Old Empire \u00bb est la trame sonore d\u2019une paix \u00e0 travers la confusion, d\u2019un r\u00e9confort \u00e0 travers le d\u00e9sespoir, d\u2019un amour \u00e0 travers les d\u00e9sirs et d\u2019un l\u00e2cher prise r\u00eaveur \u00e0 travers une violente angoisse. [&hellip;]<\/p>\n","protected":false},"author":1,"featured_media":0,"parent":501,"menu_order":0,"comment_status":"closed","ping_status":"closed","template":"","meta":{"footnotes":""},"class_list":["post-1453","page","type-page","status-publish","hentry"],"_links":{"self":[{"href":"http:\/\/betweenillnessandmigration.com\/fr\/wp-json\/wp\/v2\/pages\/1453","targetHints":{"allow":["GET"]}}],"collection":[{"href":"http:\/\/betweenillnessandmigration.com\/fr\/wp-json\/wp\/v2\/pages"}],"about":[{"href":"http:\/\/betweenillnessandmigration.com\/fr\/wp-json\/wp\/v2\/types\/page"}],"author":[{"embeddable":true,"href":"http:\/\/betweenillnessandmigration.com\/fr\/wp-json\/wp\/v2\/users\/1"}],"replies":[{"embeddable":true,"href":"http:\/\/betweenillnessandmigration.com\/fr\/wp-json\/wp\/v2\/comments?post=1453"}],"version-history":[{"count":3,"href":"http:\/\/betweenillnessandmigration.com\/fr\/wp-json\/wp\/v2\/pages\/1453\/revisions"}],"predecessor-version":[{"id":1460,"href":"http:\/\/betweenillnessandmigration.com\/fr\/wp-json\/wp\/v2\/pages\/1453\/revisions\/1460"}],"up":[{"embeddable":true,"href":"http:\/\/betweenillnessandmigration.com\/fr\/wp-json\/wp\/v2\/pages\/501"}],"wp:attachment":[{"href":"http:\/\/betweenillnessandmigration.com\/fr\/wp-json\/wp\/v2\/media?parent=1453"}],"curies":[{"name":"wp","href":"https:\/\/api.w.org\/{rel}","templated":true}]}}