{"id":1807,"date":"2013-09-05T23:02:52","date_gmt":"2013-09-06T03:02:52","guid":{"rendered":"http:\/\/betweenillnessandmigration.com\/australian-edition-2\/"},"modified":"2014-03-17T14:07:11","modified_gmt":"2014-03-17T18:07:11","slug":"australian-edition","status":"publish","type":"page","link":"http:\/\/betweenillnessandmigration.com\/fr\/album-versions\/australian-edition\/","title":{"rendered":"\u00c9dition Australienne"},"content":{"rendered":"<p><div class=\"omsc-one-half\"><img decoding=\"async\" src=\"http:\/\/betweenillnessandmigration.com\/wp-content\/uploads\/images\/biam_au_cover.jpg\" width=\"90%\" height=\"90%\"><br \/>\n<div class=\"clear\"><\/div><\/div><div class=\"omsc-one-half omsc-last\">\n<div class=\"box-note\" style=\"margin-top:0px; font-family:futura; font-size:20px; line-height:20px;\">Pistes de l&rsquo;Album<\/div>\n<p>&#8211; Satsuki Yami<br \/>\n&#8211; <a href=\"http:\/\/betweenillnessandmigration.com\/fr\/paroles\/empire-of-sorrows\">Empire Of Sorrows<\/a><br \/>\n&#8211; <a href=\"http:\/\/betweenillnessandmigration.com\/fr\/paroles\/anyone\">Anyone<\/a><br \/>\n&#8211; <a href=\"http:\/\/betweenillnessandmigration.com\/fr\/paroles\/a-view-from-within\">A View From Within<\/a><br \/>\n&#8211; <a href=\"http:\/\/betweenillnessandmigration.com\/fr\/paroles\/where-did-we-lose-each-other\">Where Did We Lose Each Other<\/a><br \/>\n&#8211; <a href=\"http:\/\/betweenillnessandmigration.com\/fr\/paroles\/underneath-a-stretching-skyline\">Underneath A Stretching Skyline<\/a><br \/>\n&#8211; <a href=\"http:\/\/betweenillnessandmigration.com\/fr\/paroles\/from-the-city-to-the-ocean\">From The City To The Ocean<\/a><br \/>\n&#8211; <a href=\"http:\/\/betweenillnessandmigration.com\/fr\/paroles\/i-just-want-you-to-know\">I Just Want You To Know<\/a><br \/>\n&#8211; <a href=\"http:\/\/betweenillnessandmigration.com\/fr\/paroles\/1-2-3-one-step-away\">1-2-3 (One Step Away)<\/a><br \/>\n&#8211; <a href=\"http:\/\/betweenillnessandmigration.com\/fr\/paroles\/little-sister\">Little Sister<\/a><br \/>\n&#8211; <a href=\"http:\/\/betweenillnessandmigration.com\/fr\/paroles\/obsession-is-a-gun\">Obsession Is A Gun<\/a><br \/>\n&#8211; <a href=\"http:\/\/betweenillnessandmigration.com\/fr\/paroles\/muets-aux-temps-des-amours\">Muets Aux Temps Des Amours<\/a><br \/>\n<em>Piste Bonus<\/em><br \/>\n&#8211; 1-2-3 (One Step Away) &#8211; The Upper Room Version<br \/>\n<div class=\"clear\"><\/div><\/div><div class=\"omsc-clear\"><\/div><\/p>\n<div class=\"box-note\" style=\"margin-top:0px; font-family:futura; font-size:20px; line-height:20px;\">Informations Sur l&rsquo;Album<\/div>\n<p>L&rsquo;album est sorti en Australie le 6 septembre 2013 sous le label Hopeful Tragedy Records. Il poss\u00e8de une couverture unique qui illustre la relation particuli\u00e8re que Your Favorite Enemies partage avec les Australiens. Il comprend aussi une chanson bonus exclusive \u00e0 la version australienne de l&rsquo;album.<\/p>\n<p>D\u00e9di\u00e9 \u00e0 ceux qui d\u00e9sirent prendre la chance de d\u00e9finir les couleurs de l&rsquo;invisible, et \u00e0 ceux qui envisagent de l\u00e2cher prise. Vous \u00eates la v\u00e9ritable inspiration du voyage qu&rsquo;est cet album. C&rsquo;est un sentier o\u00f9 la foi et le d\u00e9sespoir se ressemblent, un voyage o\u00f9 l&rsquo;espoir et la mis\u00e8re sont difficiles \u00e0 diff\u00e9rencier, un p\u00e8lerinage o\u00f9 la r\u00e9demption et l&rsquo;affliction sont identiques. C&rsquo;est un \u00e9tat de coeur et d&rsquo;esprit personnel, o\u00f9 la noirceur des r\u00eaves bris\u00e9s obscurcit l&rsquo;horizon de notre vif d\u00e9sir de vivre. Autant nous aimerions l&rsquo;\u00e9viter, autant nous aimerions nier sa nature implacable, nous faisons tous face \u00e0 ce voyage \u00e0 un moment donn\u00e9 de notre vie. <\/p>\n<p>Une arriv\u00e9e longuement attendue, un d\u00e9part empreint d&rsquo;espoir, une destination inspirante, ou la contemplation d\u00e9fiante de ce qui pourrait \u00eatre au lieu de l&rsquo;incarnation de l&rsquo;essence fataliste de ce qui devrait \u00eatre. Aussi effrayant ceci puisse-t-il \u00eatre, c&rsquo;est ce qui donne naissance \u00e0 la vision en constante \u00e9volution qui nourrit notre r\u00e9solution \u00e0 r\u00eaver, \u00e0 r\u00eaver tout \u00e0 nouveau. D&rsquo;un l\u00e2cher prise v\u00e9ritable fleurit une renaissance, m\u00eame la plus errante de toutes. <\/p>\n<p>Quelque part entre affliction et migration, puissions-nous \u00eatre ceux pr\u00eats \u00e0 prendre la chance de d\u00e9finir et red\u00e9finir l&rsquo;invisible, puisque nous sommes ceux qui d\u00e9finissons chacun des pas de notre p\u00e8lerinage commun. <\/p>\n","protected":false},"excerpt":{"rendered":"<p>Informations Sur l&rsquo;Album L&rsquo;album est sorti en Australie le 6 septembre 2013 sous le label Hopeful Tragedy Records. Il poss\u00e8de une couverture unique qui illustre la relation particuli\u00e8re que Your Favorite Enemies partage avec les Australiens. Il comprend aussi une chanson bonus exclusive \u00e0 la version australienne de l&rsquo;album. D\u00e9di\u00e9 \u00e0 ceux qui d\u00e9sirent prendre [&hellip;]<\/p>\n","protected":false},"author":1,"featured_media":0,"parent":501,"menu_order":0,"comment_status":"closed","ping_status":"closed","template":"","meta":{"footnotes":""},"class_list":["post-1807","page","type-page","status-publish","hentry"],"_links":{"self":[{"href":"http:\/\/betweenillnessandmigration.com\/fr\/wp-json\/wp\/v2\/pages\/1807","targetHints":{"allow":["GET"]}}],"collection":[{"href":"http:\/\/betweenillnessandmigration.com\/fr\/wp-json\/wp\/v2\/pages"}],"about":[{"href":"http:\/\/betweenillnessandmigration.com\/fr\/wp-json\/wp\/v2\/types\/page"}],"author":[{"embeddable":true,"href":"http:\/\/betweenillnessandmigration.com\/fr\/wp-json\/wp\/v2\/users\/1"}],"replies":[{"embeddable":true,"href":"http:\/\/betweenillnessandmigration.com\/fr\/wp-json\/wp\/v2\/comments?post=1807"}],"version-history":[{"count":10,"href":"http:\/\/betweenillnessandmigration.com\/fr\/wp-json\/wp\/v2\/pages\/1807\/revisions"}],"predecessor-version":[{"id":2601,"href":"http:\/\/betweenillnessandmigration.com\/fr\/wp-json\/wp\/v2\/pages\/1807\/revisions\/2601"}],"up":[{"embeddable":true,"href":"http:\/\/betweenillnessandmigration.com\/fr\/wp-json\/wp\/v2\/pages\/501"}],"wp:attachment":[{"href":"http:\/\/betweenillnessandmigration.com\/fr\/wp-json\/wp\/v2\/media?parent=1807"}],"curies":[{"name":"wp","href":"https:\/\/api.w.org\/{rel}","templated":true}]}}