{"id":2519,"date":"2014-03-13T18:25:01","date_gmt":"2014-03-13T22:25:01","guid":{"rendered":"http:\/\/betweenillnessandmigration.com\/?page_id=2519"},"modified":"2014-05-12T17:12:20","modified_gmt":"2014-05-12T21:12:20","slug":"emear","status":"publish","type":"page","link":"http:\/\/betweenillnessandmigration.com\/fr\/album-versions\/emear\/","title":{"rendered":"Entre Mar\u00e9es Et Autres Ressacs"},"content":{"rendered":"<p><div class=\"omsc-one-half\"><img decoding=\"async\" alt=\"\" src=\"http:\/\/betweenillnessandmigration.com\/wp-content\/uploads\/images\/emear_cover_small.jpg\" width=\"100%\" \/><br \/>\n<div class=\"clear\"><\/div><\/div><div class=\"omsc-one-half omsc-last\">\n<div class=\"box-note\" style=\"margin-top: 0px; font-family: futura; font-size: 20px; line-height: 20px;\">Pistes de l&rsquo;Album<\/div>\n<p>&#8211; Satsuki Yami<br \/>\n&#8211; <a href=\"http:\/\/betweenillnessandmigration.com\/fr\/paroles\/empire-of-sorrows\/\" target=\"_blank\">Empire Of Sorrows<\/a><br \/>\n&#8211; <a href=\"http:\/\/betweenillnessandmigration.com\/fr\/paroles\/i-just-want-you-to-know\/\" target=\"_blank\">I Just Want You To Know<\/a><br \/>\n&#8211; <a href=\"http:\/\/betweenillnessandmigration.com\/fr\/paroles\/a-view-from-within\/\" target=\"_blank\">A View From Within<\/a><br \/>\n&#8211; <a href=\"http:\/\/betweenillnessandmigration.com\/fr\/paroles\/obsession-is-a-gun\/\" target=\"_blank\">Obsession Is A Gun<\/a><\/p>\n<div class=\"box-note\" style=\"margin-top: 0px; font-family: futura; font-size: 20px; line-height: 20px;\">Obtenez le EP !<\/div>\n<p>&#8211; <a href=\"https:\/\/itunes.apple.com\/fr\/album\/entre-marees-et-autres-ressacs\/id828209003\" target=\"_blank\">iTunes France<\/a><br \/>\n&#8211; <a href=\"http:\/\/yfestore.com\/fr\/items\/categorie-produit\/between-illness-and-migration\/\" target=\"_blank\">YFE Store<\/a><br \/>\n<div class=\"clear\"><\/div><\/div><div class=\"omsc-clear\"><\/div><\/p>\n<div class=\"box-note\" style=\"margin-top: 0px; font-family: futura; font-size: 20px; line-height: 20px;\">\u00c0 propos de l&rsquo;Album<\/div>\n<p style=\"margin-bottom:0px;\">Premier album du groupe indie-rock Montr\u00e9alais \u00e0 para\u00eetre en France apr\u00e8s des ann\u00e9es \u00e0 parcourir les quatre coins du globe, Your Favorite Enemies nous offre, \u00e0 travers ce v\u00e9ritable voyage sonore et po\u00e9tique qu&rsquo;est \u00ab\u00a0Entre Mar\u00e9es Et Autres Ressacs\u00a0\u00bb, un savant amalgame de noise rock et de post punk, constitu\u00e9 de textures r\u00e9solument progressives et distinctement teint\u00e9 d&rsquo;accents shoegaze, le tout soigneusement d\u00e9fini par la richesse des textes, vacillant entre intempestives contemplations, introspectives irr\u00e9solutions et r\u00e9miniscences all\u00e9goriques.<\/p>\n<div class=\"omsc-toggle\"><div class=\"omsc-toggle-title\">VOIR PLUS<\/div><div class=\"omsc-toggle-inner\">Enti\u00e8rement compos\u00e9, produit et enregistr\u00e9 dans l&rsquo;intimit\u00e9 de leur propre studio, une ancienne \u00e9glise catholique convertie en v\u00e9ritable lieu de culte analogique, il n&rsquo;est pas surprenant de r\u00e9aliser que le sextet aborde et \u00e9voque au fil des 5 pi\u00e8ces qui figurent sur \u00ab\u00a0Entre Mar\u00e9es Et Autres Ressacs\u00a0\u00bb des th\u00e8mes propres aux multiples facettes et incarnations de la foi et de l&rsquo;immensit\u00e9 de son transcendant spectre \u00e9motionnel, de son esprit humaniste et de son imaginaire \u00e9tat de gr\u00e2ce, ainsi que de l&rsquo;oscillante oraison entre amour \u00e0 mort et mort \u00e0 l&rsquo;amour.<\/p>\n<p>Ainsi, la coh\u00e9sion du chaotique foisonnement d\u2019un noise exultant et des multiples \u00e9bullitions d\u2019un drone nostalgique cr\u00e9\u00e9s par Sef et Beaulieu aux guitares, de l&rsquo;atmosph\u00e9rique paysage sonore offert par Miss Isabel, o\u00f9 synth\u00e9 et Rhodes tapissent la rage \u00e9lectrique et la confusion distortionn\u00e9e de ses planantes touches aux multiples couleurs, d\u2019une tant\u00f4t furieuse \u00e9nergie et tant\u00f4t vaporeuse sensibilit\u00e9 inject\u00e9es par Lemelin \u00e0 la basse et du distinct caract\u00e8re rythmique de Moose \u00e0 la batterie offrent \u00e0 Foster l&rsquo;id\u00e9al soundscape pour aborder m\u00e9lancolique qu\u00eate de r\u00e9demption, recherche d&rsquo;affranchissement affectif, fascination pour l&rsquo;ombrag\u00e9e lumi\u00e8re r\u00e9sidant entre nature humaine et divine essence, et pour y partager ses multiples remises en question identitaires et insoumises poursuites de l&rsquo;absolu, de ses chim\u00e8res assum\u00e9es et de l&rsquo;\u00e9tiolante magnificence liant ses utopiques amours et autres fantasmes irr\u00e9solus.<\/p>\n<p>De la plaintive et romanesque pi\u00e8ce d&rsquo;ouverture \u00ab\u00a0Satsuki Yami\u00a0\u00bb \u00e0 la singuli\u00e8re po\u00e9sie et \u00e0 la facture musicale impressionniste de \u00ab\u00a0Empire Of Sorrows\u00a0\u00bb, jusqu\u2019\u00e0 la contagieuse \u00e9l\u00e9vation et rage de vivre \u00e9manant du single \u00ab\u00a0I Just Want You To Know\u00a0\u00bb, des \u00e9motions \u00e0 contre-jour qui enivrent la sulfureuse et intimiste \u00ab\u00a0A View From Within\u201d, \u00e0 l&rsquo;hypnotique et obs\u00e9dant spoken word de l&rsquo;inspirante \u00ab\u00a0Obession Is A Gun\u00a0\u00bb, vous y entendrez les Sonic Youth, Nick Cave And The Bad Seeds, les Cure et Noir D\u00e9sir.<\/p>\n<p>\u00c0 travers la parution de cet album, Your Favorite Enemies propose un voyage au bout de sa propre nuit, un p\u00e8lerinage musical et lyrique o\u00f9 l&rsquo;esp\u00e9rance s&rsquo;av\u00e8re \u00e0 la fois feutr\u00e9e et r\u00e9solue, une renaissance marqu\u00e9e o\u00f9 les membres du groupe d\u00e9finissent et red\u00e9finissent la nature personnelle de ce qu&rsquo;est vivre libre, \u00ab\u00a0Entre Mar\u00e9es Et Autres Ressacs\u00a0\u00bb.<\/div><\/div>\n<div class=\"box-note\" style=\"margin-top: 0px; font-family: futura; font-size: 20px; line-height: 20px;\">Vid\u00e9os<\/div>\n<div style=\"max-width:695px;margin:0 auto\"><div class=\"omsc-responsive-box omsc-responsive-box-video\"><iframe loading=\"lazy\" src=\"\/\/www.youtube.com\/embed\/duaDbmsaJxE\" height=\"315\" width=\"560\" allowfullscreen=\"\" frameborder=\"0\"><\/iframe><\/div><\/div>\n<a class=\"omsc-button omsc-custom-hover omsc-size-LARGE omsc-style-emboss omsc-text-bright\" href=\"http:\/\/betweenillnessandmigration.com\/fr\/videos\/\" target=\"_blank\" style=\"background-color:#3a3a3a;border-color:#3a3a3a;width:100%;color:#ffffff\" data-hover-bg-color=\"#ffc41e\" data-hover-text-color=\"#0a0a0a\" data-hover-border-color=\"#ffc41e\">VOIR TOUTES LES VID\u00c9OS<\/a>\n<p><a href=\"https:\/\/www.facebook.com\/groups\/entremareesetautresressacs\/\" target=\"_blank\"><img decoding=\"async\" src=\"http:\/\/betweenillnessandmigration.com\/wp-content\/uploads\/images\/emear_fbgroup_banner_fr.jpg\" width=\"100%\" alt=\"Emear Facebook\" class=\"alignnone\" \/><\/a><\/p>\n","protected":false},"excerpt":{"rendered":"<p>\u00c0 propos de l&rsquo;Album Premier album du groupe indie-rock Montr\u00e9alais \u00e0 para\u00eetre en France apr\u00e8s des ann\u00e9es \u00e0 parcourir les quatre coins du globe, Your Favorite Enemies nous offre, \u00e0 travers ce v\u00e9ritable voyage sonore et po\u00e9tique qu&rsquo;est \u00ab\u00a0Entre Mar\u00e9es Et Autres Ressacs\u00a0\u00bb, un savant amalgame de noise rock et de post punk, constitu\u00e9 de [&hellip;]<\/p>\n","protected":false},"author":1,"featured_media":0,"parent":501,"menu_order":0,"comment_status":"closed","ping_status":"closed","template":"","meta":{"footnotes":""},"class_list":["post-2519","page","type-page","status-publish","hentry"],"_links":{"self":[{"href":"http:\/\/betweenillnessandmigration.com\/fr\/wp-json\/wp\/v2\/pages\/2519","targetHints":{"allow":["GET"]}}],"collection":[{"href":"http:\/\/betweenillnessandmigration.com\/fr\/wp-json\/wp\/v2\/pages"}],"about":[{"href":"http:\/\/betweenillnessandmigration.com\/fr\/wp-json\/wp\/v2\/types\/page"}],"author":[{"embeddable":true,"href":"http:\/\/betweenillnessandmigration.com\/fr\/wp-json\/wp\/v2\/users\/1"}],"replies":[{"embeddable":true,"href":"http:\/\/betweenillnessandmigration.com\/fr\/wp-json\/wp\/v2\/comments?post=2519"}],"version-history":[{"count":17,"href":"http:\/\/betweenillnessandmigration.com\/fr\/wp-json\/wp\/v2\/pages\/2519\/revisions"}],"predecessor-version":[{"id":2777,"href":"http:\/\/betweenillnessandmigration.com\/fr\/wp-json\/wp\/v2\/pages\/2519\/revisions\/2777"}],"up":[{"embeddable":true,"href":"http:\/\/betweenillnessandmigration.com\/fr\/wp-json\/wp\/v2\/pages\/501"}],"wp:attachment":[{"href":"http:\/\/betweenillnessandmigration.com\/fr\/wp-json\/wp\/v2\/media?parent=2519"}],"curies":[{"name":"wp","href":"https:\/\/api.w.org\/{rel}","templated":true}]}}