{"id":2730,"date":"2014-04-22T15:50:21","date_gmt":"2014-04-22T19:50:21","guid":{"rendered":"http:\/\/betweenillnessandmigration.com\/?page_id=2730"},"modified":"2014-11-02T12:44:50","modified_gmt":"2014-11-02T17:44:50","slug":"canadian-edition","status":"publish","type":"page","link":"http:\/\/betweenillnessandmigration.com\/fr\/album-versions\/canadian-edition\/","title":{"rendered":"\u00c9dition Canadienne"},"content":{"rendered":"<p><div class=\"omsc-one-half\"><img decoding=\"async\" alt=\"Between Illness And Migration Canada Version\" src=\"http:\/\/betweenillnessandmigration.com\/wp-content\/uploads\/2014\/04\/biam_ca_cover_square.jpg\" width=\"100%\" \/><br \/>\n<div class=\"clear\"><\/div><\/div><div class=\"omsc-one-half omsc-last\">\n<div class=\"box-note\" style=\"margin-top: 0px; font-family: futura; font-size: 20px; line-height: 20px;\">Pistes de l&rsquo;Album<\/div>\n<p>&#8211; Satsuki Yami<br \/>\n&#8211; <a href=\"http:\/\/betweenillnessandmigration.com\/fr\/paroles\/empire-of-sorrows\">Empire Of Sorrows<\/a><br \/>\n&#8211; <a href=\"http:\/\/betweenillnessandmigration.com\/fr\/paroles\/a-view-from-within\">A View From Within<\/a><br \/>\n&#8211; <a href=\"http:\/\/betweenillnessandmigration.com\/fr\/paroles\/where-did-we-lose-each-other\">Where Did We Lose Each Other<\/a><br \/>\n&#8211; <a href=\"http:\/\/betweenillnessandmigration.com\/fr\/paroles\/underneath-a-stretching-skyline\">Underneath A Stretching Skyline<\/a><br \/>\n&#8211; <a href=\"http:\/\/betweenillnessandmigration.com\/fr\/paroles\/from-the-city-to-the-ocean\">From The City To The Ocean<\/a><br \/>\n&#8211; <a href=\"http:\/\/betweenillnessandmigration.com\/fr\/paroles\/i-just-want-you-to-know\">I Just Want You To Know<\/a><br \/>\n&#8211; <a href=\"http:\/\/betweenillnessandmigration.com\/fr\/paroles\/1-2-3-one-step-away\">1-2-3 (One Step Away)<\/a><br \/>\n&#8211; <a href=\"http:\/\/betweenillnessandmigration.com\/fr\/paroles\/obsession-is-a-gun\">Obsession Is A Gun<\/a><br \/>\n&#8211; <a href=\"http:\/\/betweenillnessandmigration.com\/fr\/paroles\/muets-aux-temps-des-amours\">Muets Aux Temps Des Amours<\/a><\/p>\n<p><strong>Bonus<\/strong><br \/>\n<em style=\"color:#000000;\">(disponible sur iTunes seulement)<\/em><br \/>\n&#8211; <a href=\"http:\/\/betweenillnessandmigration.com\/fr\/paroles\/where-did-we-lose-each-other\">Where Did We Lose Each Other (Version Acoustique)<\/a><br \/>\n&#8211; From A Moment To A Journey (Vid\u00e9o)<\/p>\n<div class=\"box-note\" style=\"margin-top: 0px; font-family: futura; font-size: 20px; line-height: 20px;\">Obtenez l&rsquo;album maintenant!<\/div>\n<p>&#8211; <a href=\"https:\/\/itunes.apple.com\/ca\/album\/between-illness-migration\/id865642114\" target=\"_blank\">iTunes Canada<\/a><br \/>\n&#8211; <a href=\"http:\/\/yfestore.com\/main\/items\/product-category\/between-illness-and-migration\/\" target=\"_blank\">YFE Store<\/a><br \/>\n&#8211; <a href=\"http:\/\/yfestore.com\/jp\/items\/product-category\/between-illness-and-migration\/\" target=\"_blank\">YFE Store Japan<\/a><br \/>\n&#8211; <a href=\"http:\/\/yfestore.com\/fr\/items\/categorie-produit\/between-illness-and-migration\/\" target=\"_blank\">YFE Store France<\/a><br \/>\n&#8211; <a href=\"http:\/\/yfestore.com\/qc\/items\/categorie-produit\/between-illness-and-migration\/\" target=\"_blank\">YFE Store Qu\u00e9bec<\/a><div class=\"clear\"><\/div><\/div><div class=\"omsc-clear\"><\/div><\/p>\n<div class=\"box-note\" style=\"margin-top: 0px; font-family: futura; font-size: 20px; line-height: 20px;\">Informations Sur l&rsquo;Album<\/div>\n<p style=\"margin-bottom:0px;\">\u201cBetween Illness And Migration\u201d est un voyage que nous traversons tous, peu importe notre nationalit\u00e9, notre culture, notre langue, notre religion, notre orientation sexuelle ou nos valeurs personnelles. C\u2019est un chemin o\u00f9 la foi et le d\u00e9sespoir semblent \u00eatre tellement semblables, un voyage o\u00f9 l\u2019espoir et la mis\u00e8re sont difficiles \u00e0 diff\u00e9rencier, une p\u00e9r\u00e9grination o\u00f9 la r\u00e9demption et le d\u00e9sespoir se ressemblent. C\u2019est un \u00e9tat personnel de notre coeur et de notre \u00e2me, o\u00f9 la noirceur de nos r\u00eaves bris\u00e9s obscurcit l\u2019horizon de notre profond d\u00e9sir de vivre. M\u00eame si nous aimerions tant l\u2019\u00e9viter ou nier son implacable nature, nous traversons tous cette voie \u00e0 un certain moment donn\u00e9 de notre vie. M\u00eame si nous aurions tant aim\u00e9 les aider et les sauver, nous connaissons tous des gens et des \u00eatres chers qui ont perdu le chemin \u00e0 travers leur propre voyage\u2026<\/p>\n<p>D\u2019une certaine fa\u00e7on, nous devons tous apprendre \u00e0 vivre ou \u00e0 faire face \u00e0 ces ombres du d\u00e9sespoir. M\u00eame quand parfois, le deuil se nourrit de nos propres chagrins. Mais il y a des gens qui, malgr\u00e9 leur propre affliction, leur tristesse et leur d\u00e9sespoir, ont d\u00e9cid\u00e9 de donner \u00e0 la vie une autre chance, pour voir si la lumi\u00e8re pouvait briller \u00e0 travers la brume de leur d\u00e9solation et des moments angoiss\u00e9s dans l\u2019obscurit\u00e9\u2026 et ils traversent leurs plus profondes nuits remplies de craintes gr\u00e2ce \u00e0 cette lumi\u00e8re, m\u00eame si, parfois, cette lumi\u00e8re est la plus infime lueur et le plus flou de tous les reflets luminescents. Et ils voient les couleurs d\u2019une nouvelle aube recouvrir doucement la morosit\u00e9 de ce qu\u2019ont toujours \u00e9t\u00e9 les afflictions du cr\u00e9puscule. Et alors qu\u2019ils regardent \u00e0 l\u2019horizon qui d\u00e9ploie ses promesses avec de nouvelles teintes \u00e9clatantes, ils sentent la chaleur d\u2019un voeu renouvel\u00e9 envers ce qu\u2019ils croyaient \u00eatre pour toujours perdu\u2026 Incarnant une nouvelle vision de la vie alors qu\u2019ils l\u00e2chent prise de tout ce qu\u2019ils ont toujours maintenu au sol de leur mis\u00e8re personnelle\u2026 Vivant le pardon, la r\u00e9demption, la libert\u00e9 et la renaissance; la chaleur d\u2019une vie ressuscit\u00e9e recouvrant leur peau frissonnante et s\u2019engloutissant doucement dans la profondeur de leur coeur et de leur \u00e2me\u2026 libre.<\/p>\n<div class=\"box-note\" style=\"margin-top: 0px; font-family: futura; font-size: 20px; line-height: 20px;\">Vid\u00e9os<\/div>\n<div style=\"max-width:695px;margin:0 auto\"><div class=\"omsc-responsive-box omsc-responsive-box-video\"><iframe loading=\"lazy\" src=\"\/\/www.youtube.com\/embed\/iQ5y1BgEAzI\" height=\"315\" width=\"560\" allowfullscreen=\"\" frameborder=\"0\"><\/iframe><\/div><\/div>\n<a class=\"omsc-button omsc-custom-hover omsc-size-LARGE omsc-style-emboss omsc-text-bright\" href=\"http:\/\/betweenillnessandmigration.com\/fr\/videos\" target=\"_blank\" style=\"background-color:#3a3a3a;border-color:#3a3a3a;width:100%;color:#ffffff\" data-hover-bg-color=\"#ffc41e\" data-hover-text-color=\"#0a0a0a\" data-hover-border-color=\"#ffc41e\">VOIR TOUTES LES VID\u00c9OS<\/a>\n<p><a href=\"https:\/\/www.facebook.com\/groups\/betweenillnessandmigration\/\" target=\"_blank\"><img decoding=\"async\" src=\"http:\/\/betweenillnessandmigration.com\/wp-content\/uploads\/2014\/04\/biam_ca_fbgroup_banner1.jpg\" width=\"100%\" alt=\"Emear Facebook\" class=\"alignnone\" \/><\/a><\/p>\n","protected":false},"excerpt":{"rendered":"<p>Informations Sur l&rsquo;Album \u201cBetween Illness And Migration\u201d est un voyage que nous traversons tous, peu importe notre nationalit\u00e9, notre culture, notre langue, notre religion, notre orientation sexuelle ou nos valeurs personnelles. C\u2019est un chemin o\u00f9 la foi et le d\u00e9sespoir semblent \u00eatre tellement semblables, un voyage o\u00f9 l\u2019espoir et la mis\u00e8re sont difficiles \u00e0 diff\u00e9rencier, [&hellip;]<\/p>\n","protected":false},"author":1,"featured_media":0,"parent":501,"menu_order":0,"comment_status":"closed","ping_status":"closed","template":"","meta":{"footnotes":""},"class_list":["post-2730","page","type-page","status-publish","hentry"],"_links":{"self":[{"href":"http:\/\/betweenillnessandmigration.com\/fr\/wp-json\/wp\/v2\/pages\/2730","targetHints":{"allow":["GET"]}}],"collection":[{"href":"http:\/\/betweenillnessandmigration.com\/fr\/wp-json\/wp\/v2\/pages"}],"about":[{"href":"http:\/\/betweenillnessandmigration.com\/fr\/wp-json\/wp\/v2\/types\/page"}],"author":[{"embeddable":true,"href":"http:\/\/betweenillnessandmigration.com\/fr\/wp-json\/wp\/v2\/users\/1"}],"replies":[{"embeddable":true,"href":"http:\/\/betweenillnessandmigration.com\/fr\/wp-json\/wp\/v2\/comments?post=2730"}],"version-history":[{"count":12,"href":"http:\/\/betweenillnessandmigration.com\/fr\/wp-json\/wp\/v2\/pages\/2730\/revisions"}],"predecessor-version":[{"id":3055,"href":"http:\/\/betweenillnessandmigration.com\/fr\/wp-json\/wp\/v2\/pages\/2730\/revisions\/3055"}],"up":[{"embeddable":true,"href":"http:\/\/betweenillnessandmigration.com\/fr\/wp-json\/wp\/v2\/pages\/501"}],"wp:attachment":[{"href":"http:\/\/betweenillnessandmigration.com\/fr\/wp-json\/wp\/v2\/media?parent=2730"}],"curies":[{"name":"wp","href":"https:\/\/api.w.org\/{rel}","templated":true}]}}