{"id":2758,"date":"2014-04-22T16:43:03","date_gmt":"2014-04-22T20:43:03","guid":{"rendered":"http:\/\/betweenillnessandmigration.com\/?page_id=2758"},"modified":"2014-11-02T13:10:35","modified_gmt":"2014-11-02T18:10:35","slug":"between-illness-and-migration-the-canadian-edition","status":"publish","type":"page","link":"http:\/\/betweenillnessandmigration.com\/fr\/videos\/between-illness-and-migration-the-canadian-edition\/","title":{"rendered":"\u00ab\u00a0Between Illness And Migration\u00a0\u00bb &#8211; \u00c9dition Canadienne"},"content":{"rendered":"<div class=\"videowrapper\"><iframe loading=\"lazy\" width=\"644\" height=\"362\" src=\"\/\/www.youtube.com\/embed\/iQ5y1BgEAzI\" frameborder=\"0\" allowfullscreen><\/iframe><\/div>\n<div class=\"box-content\">\u00ab\u00a0Between Illness And Migration\u00a0\u00bb est un m\u00e9lange de shoegaze, hard pulse rock, de tons progressifs, de post-punk art-rock, et de sons en hautes fr\u00e9quences, l&rsquo;album se d\u00e9finit aussi par sa po\u00e9sie lyrique livr\u00e9e de fa\u00e7on enrag\u00e9e, tout en \u00e9tant \u00e0 la fois une communion. C&rsquo;est un p\u00e8lerinage du vertige de la grande ville \u00e0 la recherche de la renaissance paisible de l&rsquo;oc\u00e9an, un voyage spirituel sonorement tordu, mais exaltant.<\/div>\n","protected":false},"excerpt":{"rendered":"<p>\u00ab\u00a0Between Illness And Migration\u00a0\u00bb est un m\u00e9lange de shoegaze, hard pulse rock, de tons progressifs, de post-punk art-rock, et de sons en hautes fr\u00e9quences, l&rsquo;album se d\u00e9finit aussi par sa po\u00e9sie lyrique livr\u00e9e de fa\u00e7on enrag\u00e9e, tout en \u00e9tant \u00e0 la fois une communion. C&rsquo;est un p\u00e8lerinage du vertige de la grande ville \u00e0 la [&hellip;]<\/p>\n","protected":false},"author":1,"featured_media":0,"parent":938,"menu_order":0,"comment_status":"open","ping_status":"open","template":"","meta":{"footnotes":""},"class_list":["post-2758","page","type-page","status-publish","hentry"],"_links":{"self":[{"href":"http:\/\/betweenillnessandmigration.com\/fr\/wp-json\/wp\/v2\/pages\/2758","targetHints":{"allow":["GET"]}}],"collection":[{"href":"http:\/\/betweenillnessandmigration.com\/fr\/wp-json\/wp\/v2\/pages"}],"about":[{"href":"http:\/\/betweenillnessandmigration.com\/fr\/wp-json\/wp\/v2\/types\/page"}],"author":[{"embeddable":true,"href":"http:\/\/betweenillnessandmigration.com\/fr\/wp-json\/wp\/v2\/users\/1"}],"replies":[{"embeddable":true,"href":"http:\/\/betweenillnessandmigration.com\/fr\/wp-json\/wp\/v2\/comments?post=2758"}],"version-history":[{"count":5,"href":"http:\/\/betweenillnessandmigration.com\/fr\/wp-json\/wp\/v2\/pages\/2758\/revisions"}],"predecessor-version":[{"id":3069,"href":"http:\/\/betweenillnessandmigration.com\/fr\/wp-json\/wp\/v2\/pages\/2758\/revisions\/3069"}],"up":[{"embeddable":true,"href":"http:\/\/betweenillnessandmigration.com\/fr\/wp-json\/wp\/v2\/pages\/938"}],"wp:attachment":[{"href":"http:\/\/betweenillnessandmigration.com\/fr\/wp-json\/wp\/v2\/media?parent=2758"}],"curies":[{"name":"wp","href":"https:\/\/api.w.org\/{rel}","templated":true}]}}