{"id":3053,"date":"2014-11-02T13:45:28","date_gmt":"2014-11-02T18:45:28","guid":{"rendered":"http:\/\/betweenillnessandmigration.com\/?page_id=3053"},"modified":"2014-11-02T13:54:06","modified_gmt":"2014-11-02T18:54:06","slug":"european-version","status":"publish","type":"page","link":"http:\/\/betweenillnessandmigration.com\/fr\/album-versions\/european-version\/","title":{"rendered":"Version Europ\u00e9enne"},"content":{"rendered":"<p><div class=\"omsc-one-half\"><img decoding=\"async\" alt=\"Between Illness And Migration European Version\" src=\"http:\/\/yourfavoriteenemies.com\/main\/wp-content\/uploads\/2014\/11\/illness_migration_cover_europe_800.jpg\" width=\"100%\" \/><br \/>\n<div class=\"clear\"><\/div><\/div><div class=\"omsc-one-half omsc-last\">\n<div class=\"box-note\" style=\"margin-top: 0px; font-family: futura; font-size: 20px; line-height: 20px;\">Pistes de l&rsquo;Album<\/div>\n<p>&#8211; Satsuki Yami<br \/>\n&#8211; <a href=\"http:\/\/betweenillnessandmigration.com\/fr\/paroles\/empire-of-sorrows\">Empire Of Sorrows<\/a><br \/>\n&#8211; <a href=\"http:\/\/betweenillnessandmigration.com\/fr\/paroles\/a-view-from-within\">A View From Within<\/a><br \/>\n&#8211; <a href=\"http:\/\/betweenillnessandmigration.com\/fr\/paroles\/where-did-we-lose-each-other\">Where Did We Lose Each Other<\/a><br \/>\n&#8211; <a href=\"http:\/\/betweenillnessandmigration.com\/fr\/paroles\/underneath-a-stretching-skyline\">Underneath A Stretching Skyline<\/a><br \/>\n&#8211; <a href=\"http:\/\/betweenillnessandmigration.com\/fr\/paroles\/from-the-city-to-the-ocean\">From The City To The Ocean<\/a><br \/>\n&#8211; <a href=\"http:\/\/betweenillnessandmigration.com\/fr\/paroles\/i-just-want-you-to-know\">I Just Want You To Know<\/a><br \/>\n&#8211; <a href=\"http:\/\/betweenillnessandmigration.com\/fr\/paroles\/1-2-3-one-step-away\">1-2-3 (One Step Away)<\/a><br \/>\n&#8211; <a href=\"http:\/\/betweenillnessandmigration.com\/fr\/paroles\/obsession-is-a-gun\">Obsession Is A Gun<\/a><br \/>\n&#8211; <a href=\"http:\/\/betweenillnessandmigration.com\/fr\/paroles\/muets-aux-temps-des-amours\">Muets Aux Temps Des Amours<\/a><\/p>\n<div class=\"box-note\" style=\"margin-top: 0px; font-family: futura; font-size: 20px; line-height: 20px;\">Obtenez l&rsquo;album maintenant!<\/div>\n<p>&#8211; <a href=\"http:\/\/geni.us\/247q\" target=\"_blank\">iTunes<\/a><br \/>\n&#8211; <a href=\"http:\/\/yfestore.com\/main\/items\/product-category\/between-illness-and-migration\/\" target=\"_blank\">YFE Store<\/a><br \/>\n&#8211; <a href=\"http:\/\/yfestore.com\/jp\/items\/product-category\/between-illness-and-migration\/\" target=\"_blank\">YFE Store Japan<\/a><br \/>\n&#8211; <a href=\"http:\/\/yfestore.com\/fr\/items\/categorie-produit\/between-illness-and-migration\/\" target=\"_blank\">YFE Store France<\/a><br \/>\n&#8211; <a href=\"http:\/\/yfestore.com\/qc\/items\/categorie-produit\/between-illness-and-migration\/\" target=\"_blank\">YFE Store Qu\u00e9bec<\/a><div class=\"clear\"><\/div><\/div><div class=\"omsc-clear\"><\/div><\/p>\n<div class=\"box-note\" style=\"margin-top: 0px; font-family: futura; font-size: 20px; line-height: 20px;\">Informations Sur l&rsquo;Album<\/div>\n<p>Voici la version europ\u00e9enne tant attendue de l\u2019album \u201cBetween Illness And Migration\u201d<\/p>\n<p>\u201cBetween Illness And Migration\u201d est un m\u00e9lange de shoegaze, hard pulse rock, de tons progressifs, de post-punk art-rock, et de sons en hautes fr\u00e9quences, l\u2019album se d\u00e9finit aussi par sa po\u00e9sie lyrique livr\u00e9e de fa\u00e7on enrag\u00e9e, tout en \u00e9tant \u00e0 la fois une communion. C\u2019est un p\u00e8lerinage du vertige de la grande ville \u00e0 la recherche de la renaissance paisible de l\u2019oc\u00e9an, un voyage spirituel sonorement tordu, mais exaltant.<\/p>\n<div class=\"box-note\" style=\"margin-top: 0px; font-family: futura; font-size: 20px; line-height: 20px;\">Vid\u00e9os<\/div>\n<div style=\"max-width:695px;margin:0 auto\"><div class=\"omsc-responsive-box omsc-responsive-box-video\"><iframe loading=\"lazy\" src=\"\/\/www.youtube.com\/embed\/sNEO2EhQ5RI\" height=\"315\" width=\"560\" allowfullscreen=\"\" frameborder=\"0\"><\/iframe><\/div><\/div>\n<a class=\"omsc-button omsc-custom-hover omsc-size-LARGE omsc-style-emboss omsc-text-bright\" href=\"http:\/\/betweenillnessandmigration.com\/fr\/videos\" target=\"_blank\" style=\"background-color:#3a3a3a;border-color:#3a3a3a;width:100%;color:#ffffff\" data-hover-bg-color=\"#ffc41e\" data-hover-text-color=\"#0a0a0a\" data-hover-border-color=\"#ffc41e\">VOIR TOUTES LES VID\u00c9OS<\/a>\n<p><a href=\"https:\/\/www.facebook.com\/groups\/betweenillnessandmigration\/\" target=\"_blank\"><img decoding=\"async\" src=\"http:\/\/betweenillnessandmigration.com\/wp-content\/uploads\/2014\/04\/biam_ca_fbgroup_banner1.jpg\" width=\"100%\" alt=\"Emear Facebook\" class=\"alignnone\" \/><\/a><\/p>\n","protected":false},"excerpt":{"rendered":"<p>Informations Sur l&rsquo;Album Voici la version europ\u00e9enne tant attendue de l\u2019album \u201cBetween Illness And Migration\u201d \u201cBetween Illness And Migration\u201d est un m\u00e9lange de shoegaze, hard pulse rock, de tons progressifs, de post-punk art-rock, et de sons en hautes fr\u00e9quences, l\u2019album se d\u00e9finit aussi par sa po\u00e9sie lyrique livr\u00e9e de fa\u00e7on enrag\u00e9e, tout en \u00e9tant \u00e0 [&hellip;]<\/p>\n","protected":false},"author":1,"featured_media":0,"parent":501,"menu_order":0,"comment_status":"closed","ping_status":"closed","template":"","meta":{"footnotes":""},"class_list":["post-3053","page","type-page","status-publish","hentry"],"_links":{"self":[{"href":"http:\/\/betweenillnessandmigration.com\/fr\/wp-json\/wp\/v2\/pages\/3053","targetHints":{"allow":["GET"]}}],"collection":[{"href":"http:\/\/betweenillnessandmigration.com\/fr\/wp-json\/wp\/v2\/pages"}],"about":[{"href":"http:\/\/betweenillnessandmigration.com\/fr\/wp-json\/wp\/v2\/types\/page"}],"author":[{"embeddable":true,"href":"http:\/\/betweenillnessandmigration.com\/fr\/wp-json\/wp\/v2\/users\/1"}],"replies":[{"embeddable":true,"href":"http:\/\/betweenillnessandmigration.com\/fr\/wp-json\/wp\/v2\/comments?post=3053"}],"version-history":[{"count":4,"href":"http:\/\/betweenillnessandmigration.com\/fr\/wp-json\/wp\/v2\/pages\/3053\/revisions"}],"predecessor-version":[{"id":3086,"href":"http:\/\/betweenillnessandmigration.com\/fr\/wp-json\/wp\/v2\/pages\/3053\/revisions\/3086"}],"up":[{"embeddable":true,"href":"http:\/\/betweenillnessandmigration.com\/fr\/wp-json\/wp\/v2\/pages\/501"}],"wp:attachment":[{"href":"http:\/\/betweenillnessandmigration.com\/fr\/wp-json\/wp\/v2\/media?parent=3053"}],"curies":[{"name":"wp","href":"https:\/\/api.w.org\/{rel}","templated":true}]}}