{"id":3184,"date":"2015-04-16T23:01:49","date_gmt":"2015-04-17T03:01:49","guid":{"rendered":"http:\/\/betweenillnessandmigration.com\/?page_id=3184"},"modified":"2015-04-16T23:01:49","modified_gmt":"2015-04-17T03:01:49","slug":"ep-a-vision-of-the-lights-were-in","status":"publish","type":"page","link":"http:\/\/betweenillnessandmigration.com\/fr\/album-versions\/ep-a-vision-of-the-lights-were-in\/","title":{"rendered":"EP A Vision Of The Lights We&rsquo;re In"},"content":{"rendered":"<p><div class=\"omsc-one-half\"><img decoding=\"async\" src=\"http:\/\/betweenillnessandmigration.com\/wp-content\/uploads\/2015\/04\/usa_ep_front_small.jpg\" width=\"90%\" height=\"90%\"><br \/>\nObtenez ce nouvel EP gratuitement \u00e0 chaque commande sur le YFE Store pour une dur\u00e9e limit\u00e9e.<\/p>\n<p><em>* Cette offre exclut les commandes digitales et les ensembles de badges<\/em><\/p>\n<h6><a href=\"http:\/\/yfestore.com\" target=\"_blank\">VISITEZ LE YFE STORE<\/a><\/h6>\n<p><div class=\"clear\"><\/div><\/div><div class=\"omsc-one-half omsc-last\">\n<div class=\"box-note\" style=\"margin-top:0px; font-family:futura; font-size:20px; line-height:20px;\">Pistes de l&rsquo;Album<\/div>\n<p>&#8211; Satsuki Yami<br \/>\n&#8211; <a href=\"http:\/\/betweenillnessandmigration.com\/fr\/paroles\/empire-of-sorrows\">Empire Of Sorrows<\/a><br \/>\n&#8211; <a href=\"http:\/\/betweenillnessandmigration.com\/fr\/paroles\/a-view-from-within\">A View From Within<\/a><br \/>\n&#8211; <a href=\"http:\/\/betweenillnessandmigration.com\/fr\/paroles\/from-the-city-to-the-ocean\">From The City To The Ocean<\/a><br \/>\n&#8211; <a href=\"http:\/\/betweenillnessandmigration.com\/fr\/paroles\/obsession-is-a-gun\">Obsession Is A Gun<\/a><br \/>\n&#8211; Y\u016bnagi<br \/>\n<div class=\"clear\"><\/div><\/div><div class=\"omsc-clear\"><\/div><\/p>\n<div class=\"box-note\" style=\"margin-top:0px; font-family:futura; font-size:20px; line-height:20px;\">Informations Sur l&rsquo;Album<\/div>\n<p>Visant le march\u00e9 am\u00e9ricain, cet EP contient la toute nouvelle chanson \u201cY\u016bnagi\u201d. Un voyage en tant que tel, il sera le pr\u00e9curseur de la version compl\u00e8te de \u201cBetween Illness And Migration\u201d sur le sol am\u00e9ricain.<\/p>\n","protected":false},"excerpt":{"rendered":"<p>Informations Sur l&rsquo;Album Visant le march\u00e9 am\u00e9ricain, cet EP contient la toute nouvelle chanson \u201cY\u016bnagi\u201d. Un voyage en tant que tel, il sera le pr\u00e9curseur de la version compl\u00e8te de \u201cBetween Illness And Migration\u201d sur le sol am\u00e9ricain.<\/p>\n","protected":false},"author":1,"featured_media":0,"parent":501,"menu_order":0,"comment_status":"closed","ping_status":"closed","template":"","meta":{"footnotes":""},"class_list":["post-3184","page","type-page","status-publish","hentry"],"_links":{"self":[{"href":"http:\/\/betweenillnessandmigration.com\/fr\/wp-json\/wp\/v2\/pages\/3184","targetHints":{"allow":["GET"]}}],"collection":[{"href":"http:\/\/betweenillnessandmigration.com\/fr\/wp-json\/wp\/v2\/pages"}],"about":[{"href":"http:\/\/betweenillnessandmigration.com\/fr\/wp-json\/wp\/v2\/types\/page"}],"author":[{"embeddable":true,"href":"http:\/\/betweenillnessandmigration.com\/fr\/wp-json\/wp\/v2\/users\/1"}],"replies":[{"embeddable":true,"href":"http:\/\/betweenillnessandmigration.com\/fr\/wp-json\/wp\/v2\/comments?post=3184"}],"version-history":[{"count":2,"href":"http:\/\/betweenillnessandmigration.com\/fr\/wp-json\/wp\/v2\/pages\/3184\/revisions"}],"predecessor-version":[{"id":3187,"href":"http:\/\/betweenillnessandmigration.com\/fr\/wp-json\/wp\/v2\/pages\/3184\/revisions\/3187"}],"up":[{"embeddable":true,"href":"http:\/\/betweenillnessandmigration.com\/fr\/wp-json\/wp\/v2\/pages\/501"}],"wp:attachment":[{"href":"http:\/\/betweenillnessandmigration.com\/fr\/wp-json\/wp\/v2\/media?parent=3184"}],"curies":[{"name":"wp","href":"https:\/\/api.w.org\/{rel}","templated":true}]}}