{"id":3223,"date":"2015-04-28T00:39:14","date_gmt":"2015-04-28T04:39:14","guid":{"rendered":"http:\/\/betweenillnessandmigration.com\/album-versions\/india-edition\/"},"modified":"2016-03-24T13:19:59","modified_gmt":"2016-03-24T17:19:59","slug":"indian-edition","status":"publish","type":"page","link":"http:\/\/betweenillnessandmigration.com\/fr\/album-versions\/indian-edition\/","title":{"rendered":"\u00c9dition Indienne"},"content":{"rendered":"<p><div class=\"omsc-one-half\"><img decoding=\"async\" alt=\"Between Illness And Migration India Version\" src=\"http:\/\/betweenillnessandmigration.com\/wp-content\/uploads\/2015\/04\/biam_india_small.jpg\" width=\"100%\" \/><br \/>\n<div class=\"clear\"><\/div><\/div><div class=\"omsc-one-half omsc-last\">\n<div class=\"box-note\" style=\"margin-top: 0px; font-family: futura; font-size: 20px; line-height: 20px;\">Pistes de l&rsquo;Album<\/div>\n<p>&#8211; Satsuki Yami<br \/>\n&#8211; <a href=\"http:\/\/betweenillnessandmigration.com\/fr\/paroles\/empire-of-sorrows\/\">Empire Of Sorrows<\/a><br \/>\n&#8211; <a href=\"http:\/\/betweenillnessandmigration.com\/fr\/paroles\/a-view-from-within\/\">A View From Within<\/a><br \/>\n&#8211; <a href=\"http:\/\/betweenillnessandmigration.com\/fr\/paroles\/where-did-we-lose-each-other\/\">Where Did We Lose Each Other<\/a><br \/>\n&#8211; <a href=\"http:\/\/betweenillnessandmigration.com\/fr\/paroles\/underneath-a-stretching-skyline\/\">Underneath A Stretching Skyline<\/a><br \/>\n&#8211; <a href=\"http:\/\/betweenillnessandmigration.com\/fr\/paroles\/from-the-city-to-the-ocean\/\">From The City To The Ocean<\/a><br \/>\n&#8211; <a href=\"http:\/\/betweenillnessandmigration.com\/fr\/paroles\/i-just-want-you-to-know\/\">I Just Want You To Know<\/a><br \/>\n&#8211; <a href=\"http:\/\/betweenillnessandmigration.com\/fr\/paroles\/1-2-3-one-step-away\/\">1-2-3 (One Step Away)<\/a><br \/>\n&#8211; <a href=\"http:\/\/betweenillnessandmigration.com\/fr\/paroles\/obsession-is-a-gun\/\">Obsession Is A Gun<\/a><br \/>\n&#8211; <a href=\"http:\/\/betweenillnessandmigration.com\/fr\/paroles\/muets-aux-temps-des-amours\/\">Muets Aux Temps Des Amours<\/a><\/p>\n<p><strong>Bonus<\/strong><br \/>\n&#8211; Satsuki Yami \/ Empire Of Sorrows<br \/>\n<em>(Live \u00e0 La Maroquinerie, Paris)<\/em><\/p>\n<div class=\"box-note\" style=\"margin-top: 0px; font-family: futura; font-size: 20px; line-height: 20px;\">Obtenez l&rsquo;album maintenant!<\/div>\n<p>&#8211; <a href=\"https:\/\/itunes.apple.com\/in\/album\/between-illness-migration\/id986253755\" target=\"_blank\">iTunes Inde<\/a><br \/>\n&#8211; <a href=\"http:\/\/www.timesmusic.com\/album\/international\/between-illness-and-migration-3523.html\" target=\"_blank\">Rythm House<\/a><br \/>\n<div class=\"clear\"><\/div><\/div><div class=\"omsc-clear\"><\/div><\/p>\n<div class=\"box-note\" style=\"margin-top: 0px; font-family: futura; font-size: 20px; line-height: 20px;\">Informations Sur l&rsquo;Album<\/div>\n<p>La 5\u00e8me version de l\u2019album \u201cBetween Illness And Migration\u201d vient de voir le jour en Inde ! Alex explique la signification de la pochette :<\/p>\n<p>\u201cC\u2019est t\u00f4t le matin, alors que la nuit vit ses derniers instants, et que les lumi\u00e8res de la ville sont encore allum\u00e9es. C\u2019est ce point de rupture pr\u00e9cis. Une seconde apr\u00e8s, les lumi\u00e8res s\u2019\u00e9teignent, et le soleil se l\u00e8ve. Et la photo de l\u2019album repr\u00e9sente ce moment. L\u2019Inde est un pays merveilleux, o\u00f9 les gens sont tr\u00e8s cr\u00e9atifs et o\u00f9 l\u2019art tient une place importante. Et la pochette de l\u2019album permet de d\u00e9couvrir une nouvelle culture; quand toutes les lumi\u00e8res de ce que vous pensez savoir s\u2019\u00e9teignent, pour que vous puissiez vraiment voir la culture pour ce qu\u2019elle est. Nous ne sommes jamais all\u00e9s en Inde, mais nous sommes impatients de d\u00e9couvrir ce peuple unique, o\u00f9 la cr\u00e9ativit\u00e9 et l\u2019art ont une place importante\u201d.<\/p>\n<p><a href=\"https:\/\/www.facebook.com\/groups\/betweenillnessandmigration\/\" target=\"_blank\"><img decoding=\"async\" src=\"http:\/\/betweenillnessandmigration.com\/wp-content\/uploads\/2014\/04\/biam_ca_fbgroup_banner1.jpg\" width=\"100%\" alt=\"Emear Facebook\" class=\"alignnone\" \/><\/a><\/p>\n","protected":false},"excerpt":{"rendered":"<p>Informations Sur l&rsquo;Album La 5\u00e8me version de l\u2019album \u201cBetween Illness And Migration\u201d vient de voir le jour en Inde ! Alex explique la signification de la pochette : \u201cC\u2019est t\u00f4t le matin, alors que la nuit vit ses derniers instants, et que les lumi\u00e8res de la ville sont encore allum\u00e9es. C\u2019est ce point de rupture [&hellip;]<\/p>\n","protected":false},"author":1,"featured_media":0,"parent":501,"menu_order":0,"comment_status":"closed","ping_status":"closed","template":"","meta":{"footnotes":""},"class_list":["post-3223","page","type-page","status-publish","hentry"],"_links":{"self":[{"href":"http:\/\/betweenillnessandmigration.com\/fr\/wp-json\/wp\/v2\/pages\/3223","targetHints":{"allow":["GET"]}}],"collection":[{"href":"http:\/\/betweenillnessandmigration.com\/fr\/wp-json\/wp\/v2\/pages"}],"about":[{"href":"http:\/\/betweenillnessandmigration.com\/fr\/wp-json\/wp\/v2\/types\/page"}],"author":[{"embeddable":true,"href":"http:\/\/betweenillnessandmigration.com\/fr\/wp-json\/wp\/v2\/users\/1"}],"replies":[{"embeddable":true,"href":"http:\/\/betweenillnessandmigration.com\/fr\/wp-json\/wp\/v2\/comments?post=3223"}],"version-history":[{"count":5,"href":"http:\/\/betweenillnessandmigration.com\/fr\/wp-json\/wp\/v2\/pages\/3223\/revisions"}],"predecessor-version":[{"id":3342,"href":"http:\/\/betweenillnessandmigration.com\/fr\/wp-json\/wp\/v2\/pages\/3223\/revisions\/3342"}],"up":[{"embeddable":true,"href":"http:\/\/betweenillnessandmigration.com\/fr\/wp-json\/wp\/v2\/pages\/501"}],"wp:attachment":[{"href":"http:\/\/betweenillnessandmigration.com\/fr\/wp-json\/wp\/v2\/media?parent=3223"}],"curies":[{"name":"wp","href":"https:\/\/api.w.org\/{rel}","templated":true}]}}