{"id":3329,"date":"2016-03-18T05:14:55","date_gmt":"2016-03-18T09:14:55","guid":{"rendered":"http:\/\/betweenillnessandmigration.com\/?page_id=3329"},"modified":"2016-04-04T10:02:12","modified_gmt":"2016-04-04T14:02:12","slug":"1-2-3-one-step-away-official-video","status":"publish","type":"page","link":"http:\/\/betweenillnessandmigration.com\/fr\/videos\/1-2-3-one-step-away-official-video\/","title":{"rendered":"1-2-3 (One Step Away) &#8211; Vid\u00e9o Officielle"},"content":{"rendered":"<div class=\"videowrapper\"><iframe loading=\"lazy\" width=\"644\" height=\"362\" src=\"\/\/www.youtube.com\/embed\/LbHsF3yLr_w\" frameborder=\"0\" allowfullscreen><\/iframe><\/div>\n<div class=\"box-content\">Film\u00e9 au Japon, en Australie et \u00e0 Montr\u00e9al, le vid\u00e9oclip de \u201c1-2-3 (One Step Away)\u201d peut \u00eatre d\u00e9crit comme senti, vrai, intrigant, d\u00e9rangeant, honn\u00eate, humain, profond et artsy. Une profonde succession d\u2019images brutes o\u00f9 l&rsquo;on peut se noyer et s\u2019immerger compl\u00e8tement.<\/p>\n<p>\u201cJ&rsquo;ai \u00e9crit cette chanson dans l&rsquo;id\u00e9e de refl\u00e9ter le l\u00e2cher prise sur diff\u00e9rents \u00e9l\u00e9ments personnels qui nous retiennent dans notre pr\u00e9sent \u00e9tat de coeurs bris\u00e9s et gardent nos \u00e2mes captives dans les d\u00e9sespoirs de notre pass\u00e9. C\u2019est vraiment une chanson personnelle par nature mais avec une conception collective. Nous pouvons pleurer sur l\u2019instabilit\u00e9 de la vie, mais nous pouvons tous nous \u00e9lever dans l\u2019euphorie de la renaissance\u201d, dit Alex Foster, qui a aussi dirig\u00e9 la vid\u00e9o, au cours d&rsquo;un long voyage.<\/p>\n<p>Suivant le th\u00e8me unique de l\u2019album \u201cBetween Illness and Migration\u201d, \u201c1-2-3 (One Step Away)\u201d avance l\u2019histoire jusqu\u2019\u00e0 ce moment de contemplation o\u00f9l&rsquo;on se pr\u00e9pare \u00e0 prendre ce pas de foi pour aller de l\u2019avant, loin de la douleur et de la d\u00e9vastation, en quelques chose de plus positif et rempli d\u2019espoir.<\/p><\/div>\n","protected":false},"excerpt":{"rendered":"<p>Film\u00e9 au Japon, en Australie et \u00e0 Montr\u00e9al, le vid\u00e9oclip de \u201c1-2-3 (One Step Away)\u201d peut \u00eatre d\u00e9crit comme senti, vrai, intrigant, d\u00e9rangeant, honn\u00eate, humain, profond et artsy. Une profonde succession d\u2019images brutes o\u00f9 l&rsquo;on peut se noyer et s\u2019immerger compl\u00e8tement. \u201cJ&rsquo;ai \u00e9crit cette chanson dans l&rsquo;id\u00e9e de refl\u00e9ter le l\u00e2cher prise sur diff\u00e9rents \u00e9l\u00e9ments [&hellip;]<\/p>\n","protected":false},"author":1,"featured_media":0,"parent":938,"menu_order":0,"comment_status":"open","ping_status":"closed","template":"","meta":{"footnotes":""},"class_list":["post-3329","page","type-page","status-publish","hentry"],"_links":{"self":[{"href":"http:\/\/betweenillnessandmigration.com\/fr\/wp-json\/wp\/v2\/pages\/3329","targetHints":{"allow":["GET"]}}],"collection":[{"href":"http:\/\/betweenillnessandmigration.com\/fr\/wp-json\/wp\/v2\/pages"}],"about":[{"href":"http:\/\/betweenillnessandmigration.com\/fr\/wp-json\/wp\/v2\/types\/page"}],"author":[{"embeddable":true,"href":"http:\/\/betweenillnessandmigration.com\/fr\/wp-json\/wp\/v2\/users\/1"}],"replies":[{"embeddable":true,"href":"http:\/\/betweenillnessandmigration.com\/fr\/wp-json\/wp\/v2\/comments?post=3329"}],"version-history":[{"count":2,"href":"http:\/\/betweenillnessandmigration.com\/fr\/wp-json\/wp\/v2\/pages\/3329\/revisions"}],"predecessor-version":[{"id":3347,"href":"http:\/\/betweenillnessandmigration.com\/fr\/wp-json\/wp\/v2\/pages\/3329\/revisions\/3347"}],"up":[{"embeddable":true,"href":"http:\/\/betweenillnessandmigration.com\/fr\/wp-json\/wp\/v2\/pages\/938"}],"wp:attachment":[{"href":"http:\/\/betweenillnessandmigration.com\/fr\/wp-json\/wp\/v2\/media?parent=3329"}],"curies":[{"name":"wp","href":"https:\/\/api.w.org\/{rel}","templated":true}]}}