{"id":524,"date":"2013-02-24T00:16:02","date_gmt":"2013-02-24T05:16:02","guid":{"rendered":"http:\/\/betweenillnessandmigration.com\/lyrics\/a-view-from-within\/"},"modified":"2017-03-11T18:33:14","modified_gmt":"2017-03-11T23:33:14","slug":"a-view-from-within","status":"publish","type":"page","link":"http:\/\/betweenillnessandmigration.com\/fr\/paroles\/a-view-from-within\/","title":{"rendered":"A View From Within"},"content":{"rendered":"<div class=\"omsc-three-fourth\">For many years I&rsquo;ve been waiting<br \/>\nCraving for you<br \/>\nYour whispers, the way to the underworld<br \/>\nI&rsquo;m yearning, my muse<\/p>\n<p>Can you solace the shades feeding on my grief<br \/>\nWould you spoil my blood for high tides<br \/>\nYour breath over my wounds, ascension tonight<\/p>\n<p>Your kick stung right through my will<br \/>\nSucked my desires forevermore<br \/>\nYour bites are no stranger to my skin<br \/>\nAs you left me on the floor<br \/>\nSlow motion death as only view from within <\/p>\n<p>Should I confess the waves shining like gold<br \/>\nAs silver keeps blooming deep<br \/>\nNo contrition this time, already had my share<br \/>\nNo words for regrets <\/p>\n<p>Can you silence the voices inside my head<br \/>\nCan you tame the shadows with lights<br \/>\nThere&rsquo;s a fire burning down my veins tonight<\/p>\n<p>Can you tear down the veil right in front of my eyes<br \/>\nCan you make the lies become truths<br \/>\nIs the master of the house coming tonight<\/p>\n<p>Please, tell me again how you want me<br \/>\nNeed your murmurs around my neck<br \/>\nYou&rsquo;re a wasting disease for my soul<br \/>\nGo on, make me forget<\/p>\n<p>Can you silence the voices inside my head<br \/>\nCan you tame the shadows with lights<br \/>\nThere&rsquo;s a fire burning down my veins tonight<\/p>\n<p>Can you tear down the veil right in front of my eyes<br \/>\nCan you make the lies become truths<br \/>\nIs the master of the house coming tonight<\/p>\n<p>Nozomi, sono aratana senp\u016b no hikarino naka, hana hiraita toki<br \/>\nKage wa shin ni k\u016bs\u014d wo ikizukumono heno b\u014dtoku to naru (tsumi bukai mononi)<br \/>\nKataware sono koromo wo mini matoi yoakemae ni hizamazuita toki<br \/>\nDonna sasayakimo senbazuru no\u00a0 inori ni ataisuru okurimono to naru<\/p>\n<p>Can you silence the voices inside my head<br \/>\nCan you tame the shadows with lights<br \/>\nThere&rsquo;s a fire burning down my veins tonight<\/p>\n<p>Can you tear down the veil right in front of my eyes<br \/>\nCan you make the lies become truths<br \/>\nIs the master of the house coming tonight<\/p>\n<p><em>Paroles: A. Foster<br \/>\nMusique: Your Favorite Enemies<br \/>\nEnregistr\u00e9 au studio \u201cThe Upper Room\u201d<\/em><div class=\"clear\"><\/div><\/div>\n<div class=\"omsc-one-fourth omsc-last\">\n<div class=\"box-note\" style=\"margin-top:0px; text-align:center; font-family:futura; font-size:20px; line-height:20px;\">Pr\u00e9sent Sur Ces Versions<\/div>\n<p><a href=\"http:\/\/betweenillnessandmigration.com\/fr\/album-versions\/japanese-edition\/\"><img decoding=\"async\" class=\"alignright\" alt=\"biam_cover_small\" src=\"http:\/\/betweenillnessandmigration.com\/wp-content\/uploads\/2013\/02\/biam_cover_small.jpg\" width=\"100%\" height=\"100%\" \/><\/a><br \/>\n&nbsp;<br \/>\n<a href=\"http:\/\/betweenillnessandmigration.com\/fr\/album-versions\/youthful-dreams-of-an-old-empire-ep\/\"><img decoding=\"async\" class=\"alignright\" alt=\"biam_cover_small\" src=\"http:\/\/betweenillnessandmigration.com\/wp-content\/uploads\/images\/youthful_dreams_cover.jpg\" width=\"100%\" height=\"100%\" \/><\/a><br \/>\n&nbsp;<br \/>\n<a href=\"http:\/\/betweenillnessandmigration.com\/fr\/album-versions\/australian-edition\/\"><img decoding=\"async\" class=\"alignright\" alt=\"biam_cover_small\" src=\"http:\/\/betweenillnessandmigration.com\/wp-content\/uploads\/images\/biam_au_cover.jpg\" width=\"100%\" height=\"100%\" \/><\/a><br \/>\n&nbsp;<br \/>\n<a href=\"http:\/\/betweenillnessandmigration.com\/fr\/album-versions\/emear\/\"><img decoding=\"async\" class=\"alignright\" alt=\"emear_cover_small\" src=\"http:\/\/betweenillnessandmigration.com\/wp-content\/uploads\/images\/emear_cover_small.jpg\" width=\"100%\" height=\"100%\" \/><\/a><br \/>\n&nbsp;<br \/>\n<a href=\"http:\/\/betweenillnessandmigration.com\/fr\/album-versions\/canadian-edition\/\"><img decoding=\"async\" class=\"alignright\" alt=\"biam_cover_canada\" src=\"http:\/\/betweenillnessandmigration.com\/wp-content\/uploads\/2014\/04\/biam_ca_cover_square.jpg\" width=\"100%\" height=\"100%\" \/><\/a><br \/>\n&nbsp;<br \/>\n<a href=\"http:\/\/betweenillnessandmigration.com\/fr\/album-versions\/european-version\/\"><img decoding=\"async\" class=\"alignright\" alt=\"biam_cover_canada\" src=\"http:\/\/yourfavoriteenemies.com\/main\/wp-content\/uploads\/2014\/11\/illness_migration_cover_europe_800.jpg\" width=\"100%\" height=\"100%\" \/><\/a><br \/>\n&nbsp;<br \/>\n<a href=\"http:\/\/betweenillnessandmigration.com\/fr\/album-versions\/ep-a-vision-of-the-lights-were-in\/\"><img decoding=\"async\" class=\"alignright\" alt=\"a_vision_ep\" src=\"http:\/\/betweenillnessandmigration.com\/wp-content\/uploads\/2015\/04\/usa_ep_front_small.jpg\" width=\"100%\" height=\"100%\" \/><\/a><br \/>\n&nbsp;<br \/>\n<a href=\"http:\/\/betweenillnessandmigration.com\/fr\/album-versions\/indian-edition\/\"><img decoding=\"async\" class=\"alignright\" alt=\"a_vision_ep\" src=\"http:\/\/betweenillnessandmigration.com\/wp-content\/uploads\/2015\/04\/biam_india_small.jpg\" width=\"100%\" height=\"100%\" \/><\/a><br \/>\n&nbsp;<br \/>\n<a href=\"http:\/\/betweenillnessandmigration.com\/fr\/album-versions\/deluxe-tokyo-sessions\/\"><img decoding=\"async\" class=\"alignright\" alt=\"Tokyo Sessions\" src=\"http:\/\/yourfavoriteenemies.com\/main\/wp-content\/uploads\/2016\/05\/5ec17669-4b2c-49f9-a03f-6e528cfa514c.jpg\" width=\"100%\" height=\"100%\" \/><\/a><div class=\"clear\"><\/div><\/div><div class=\"omsc-clear\"><\/div>\n","protected":false},"excerpt":{"rendered":"","protected":false},"author":1,"featured_media":0,"parent":376,"menu_order":0,"comment_status":"closed","ping_status":"closed","template":"","meta":{"footnotes":""},"class_list":["post-524","page","type-page","status-publish","hentry"],"_links":{"self":[{"href":"http:\/\/betweenillnessandmigration.com\/fr\/wp-json\/wp\/v2\/pages\/524","targetHints":{"allow":["GET"]}}],"collection":[{"href":"http:\/\/betweenillnessandmigration.com\/fr\/wp-json\/wp\/v2\/pages"}],"about":[{"href":"http:\/\/betweenillnessandmigration.com\/fr\/wp-json\/wp\/v2\/types\/page"}],"author":[{"embeddable":true,"href":"http:\/\/betweenillnessandmigration.com\/fr\/wp-json\/wp\/v2\/users\/1"}],"replies":[{"embeddable":true,"href":"http:\/\/betweenillnessandmigration.com\/fr\/wp-json\/wp\/v2\/comments?post=524"}],"version-history":[{"count":15,"href":"http:\/\/betweenillnessandmigration.com\/fr\/wp-json\/wp\/v2\/pages\/524\/revisions"}],"predecessor-version":[{"id":3550,"href":"http:\/\/betweenillnessandmigration.com\/fr\/wp-json\/wp\/v2\/pages\/524\/revisions\/3550"}],"up":[{"embeddable":true,"href":"http:\/\/betweenillnessandmigration.com\/fr\/wp-json\/wp\/v2\/pages\/376"}],"wp:attachment":[{"href":"http:\/\/betweenillnessandmigration.com\/fr\/wp-json\/wp\/v2\/media?parent=524"}],"curies":[{"name":"wp","href":"https:\/\/api.w.org\/{rel}","templated":true}]}}