{"id":533,"date":"2013-02-23T12:27:27","date_gmt":"2013-02-23T17:27:27","guid":{"rendered":"http:\/\/betweenillnessandmigration.com\/lyrics\/anyone\/"},"modified":"2017-03-11T18:39:41","modified_gmt":"2017-03-11T23:39:41","slug":"anyone","status":"publish","type":"page","link":"http:\/\/betweenillnessandmigration.com\/fr\/paroles\/anyone\/","title":{"rendered":"Anyone"},"content":{"rendered":"<div class=\"omsc-three-fourth\">I&rsquo;m standing there, is that you?<br \/>\nI&rsquo;m so close, but I can&rsquo;t see you,<br \/>\nIs that you?<\/p>\n<p>Hello, are you there?<br \/>\n(Est-ce que c&rsquo;est toi?)<br \/>\nHello, are you there?<br \/>\nHello are you there?<br \/>\nAre you there?<br \/>\n(Est-ce que c&rsquo;est toi que je vois?)<\/p>\n<p>Hello, are you there?<br \/>\n(Est-ce que c&rsquo;est toi?)<br \/>\nHello are you there?<br \/>\n(Est-ce que c&rsquo;est toi que je vois?)<br \/>\nHello, are you there?<br \/>\n(Est-ce que c&rsquo;est toi?)<br \/>\nHello, hello?<br \/>\n(Est-ce que c&rsquo;est toi que je vois?)<\/p>\n<p>Hello, are you there?<br \/>\n(Est-ce que c&rsquo;est toi?)<br \/>\nHello, are you there?<br \/>\n(Est-ce que c&rsquo;est toi que je vois?)<br \/>\nHello, are you there?<br \/>\n(Est-ce que c&rsquo;est toi?)<\/p>\n<p>Please answer me&#8230;<br \/>\nAre you there?<\/p>\n<p>Hello, is there anyone?<br \/>\nHello, is there anyone?<br \/>\nHello, is there anyone?<br \/>\nHello, hello, hello, hello\u2026 <\/p>\n<p>Hello, is there anyone?<br \/>\nHello, is there anyone?<br \/>\nHello, is there anyone?<br \/>\nHello, hello, hello\u2026<br \/>\nAnyone\u2026 <\/p>\n<p>I know that grief is holding you inside<br \/>\nI can see all the shadows covering your face<br \/>\nOh, I wish I could heal you, I wish I could have that type of faith<br \/>\nYour soul is mourning through unspoken tears<br \/>\nYou don&rsquo;t dream anymore, you&rsquo;ve lost yourself<br \/>\nYou wanted to go, but thought it would be just as much of the same <\/p>\n<p>You&rsquo;re beautiful, you&rsquo;re beautiful<br \/>\nDon&rsquo;t you know there&rsquo;s a light that shines<br \/>\nA fire that burns<br \/>\nMy love will set you free<\/p>\n<p>Hello, is there anyone?<br \/>\nHello, is there anyone?<br \/>\nHello, is there anyone?<br \/>\nHello, hello, hello, hello\u2026 <\/p>\n<p>Hello, is there anyone?<br \/>\nHello, is there anyone?<br \/>\nHello, is there anyone?<br \/>\nHello, hello, hello, hello\u2026<br \/>\nAnyone\u2026 <\/p>\n<p>Au revoir mon amour, film noir et douce folie \u00e0 deux.<br \/>\nAu revoir, sombre cort\u00e8ge, trompe-l&rsquo;oeil et liaison sans d\u00e9tour.<br \/>\nNouvelle vague et prie dieu ing\u00e9nu.<\/p>\n<p>Je regarde l&rsquo;horizon en marchant \u00e0 rebours.<br \/>\n\u00c0 d\u00e9faut de frissons, j&rsquo;accuse l&rsquo;air du temps<br \/>\nDe ne m&rsquo;offrir pour seule demeure<br \/>\nQue maison de verre aux \u00e9clats \u00e9rod\u00e9s par le vent\u2026<\/p>\n<p>Hello, is there anyone?<br \/>\nHello, is there anyone?<br \/>\nHello, is there anyone?<br \/>\nHello, hello, hello, hello\u2026 <\/p>\n<p>Hello, is there anyone?<br \/>\nHello, is there anyone?<br \/>\nHello, is there anyone?<br \/>\nHello, Hello, Hello\u2026<br \/>\nAnyone\u2026<\/p>\n<p><em>Paroles: A. Foster<br \/>\nMusique: Your Favorite Enemies<br \/>\nEnregistr\u00e9 au studio \u201cThe Upper Room\u201d<\/em><div class=\"clear\"><\/div><\/div>\n<div class=\"omsc-one-fourth omsc-last\">\n<div class=\"box-note\" style=\"margin-top:0px; text-align:center; font-family:futura; font-size:20px; line-height:20px;\">Pr\u00e9sent Sur Ces Versions<\/div>\n<p><a href=\"http:\/\/betweenillnessandmigration.com\/fr\/album-versions\/japanese-edition\/\"><img decoding=\"async\" class=\"alignright\" alt=\"biam_cover_small\" src=\"http:\/\/betweenillnessandmigration.com\/wp-content\/uploads\/2013\/02\/biam_cover_small.jpg\" width=\"100%\" height=\"100%\" \/><\/a><br \/>\n&nbsp;<br \/>\n<a href=\"http:\/\/betweenillnessandmigration.com\/fr\/album-versions\/australian-edition\/\"><img decoding=\"async\" class=\"alignright\" alt=\"biam_cover_small\" src=\"http:\/\/betweenillnessandmigration.com\/wp-content\/uploads\/images\/biam_au_cover.jpg\" width=\"100%\" height=\"100%\" \/><\/a><br \/>\n&nbsp;<br \/>\n<a href=\"http:\/\/betweenillnessandmigration.com\/fr\/album-versions\/deluxe-tokyo-sessions\/\"><img decoding=\"async\" class=\"alignright\" alt=\"Tokyo Sessions\" src=\"http:\/\/yourfavoriteenemies.com\/main\/wp-content\/uploads\/2016\/05\/5ec17669-4b2c-49f9-a03f-6e528cfa514c.jpg\" width=\"100%\" height=\"100%\" \/><\/a><div class=\"clear\"><\/div><\/div><div class=\"omsc-clear\"><\/div>\n","protected":false},"excerpt":{"rendered":"","protected":false},"author":1,"featured_media":0,"parent":376,"menu_order":0,"comment_status":"closed","ping_status":"closed","template":"","meta":{"footnotes":""},"class_list":["post-533","page","type-page","status-publish","hentry"],"_links":{"self":[{"href":"http:\/\/betweenillnessandmigration.com\/fr\/wp-json\/wp\/v2\/pages\/533","targetHints":{"allow":["GET"]}}],"collection":[{"href":"http:\/\/betweenillnessandmigration.com\/fr\/wp-json\/wp\/v2\/pages"}],"about":[{"href":"http:\/\/betweenillnessandmigration.com\/fr\/wp-json\/wp\/v2\/types\/page"}],"author":[{"embeddable":true,"href":"http:\/\/betweenillnessandmigration.com\/fr\/wp-json\/wp\/v2\/users\/1"}],"replies":[{"embeddable":true,"href":"http:\/\/betweenillnessandmigration.com\/fr\/wp-json\/wp\/v2\/comments?post=533"}],"version-history":[{"count":6,"href":"http:\/\/betweenillnessandmigration.com\/fr\/wp-json\/wp\/v2\/pages\/533\/revisions"}],"predecessor-version":[{"id":3565,"href":"http:\/\/betweenillnessandmigration.com\/fr\/wp-json\/wp\/v2\/pages\/533\/revisions\/3565"}],"up":[{"embeddable":true,"href":"http:\/\/betweenillnessandmigration.com\/fr\/wp-json\/wp\/v2\/pages\/376"}],"wp:attachment":[{"href":"http:\/\/betweenillnessandmigration.com\/fr\/wp-json\/wp\/v2\/media?parent=533"}],"curies":[{"name":"wp","href":"https:\/\/api.w.org\/{rel}","templated":true}]}}