{"id":947,"date":"2013-02-23T19:06:09","date_gmt":"2013-02-24T00:06:09","guid":{"rendered":"http:\/\/betweenillnessandmigration.com\/videos\/between-illness-and-migration-available\/"},"modified":"2014-08-16T12:17:08","modified_gmt":"2014-08-16T16:17:08","slug":"between-illness-and-migration-available","status":"publish","type":"page","link":"http:\/\/betweenillnessandmigration.com\/fr\/videos\/between-illness-and-migration-available\/","title":{"rendered":"Between Illness And Migration &#8211; Disponible Au Japon"},"content":{"rendered":"<div class=\"videowrapper\"><iframe loading=\"lazy\" width=\"644\" height=\"362\" src=\"http:\/\/www.youtube.com\/embed\/iUiMk0rFuLw\" frameborder=\"0\" allowfullscreen><\/iframe><\/div>\n<div class=\"box-content\">\u201cBetween Illness And Migration\u201d est le premier album de Your Favorite Enemies \u00e0 sortir au Japon. Un m\u00e9lange de shoegaze, hard pulse rock, de tons progressifs, de post-punk art-rock, et de sons en hautes fr\u00e9quences, l\u2019album se d\u00e9finit aussi par sa po\u00e9sie lyrique livr\u00e9e de fa\u00e7on enrag\u00e9e, tout en \u00e9tant \u00e0 la fois une communion. C\u2019est un p\u00e8lerinage du vertige de la grande ville \u00e0 la recherche de la renaissance paisible de l\u2019oc\u00e9an, un voyage spirituel sonorement tordu, mais exaltant.<\/p>\n<p><em>Chanson: Underneath A Stretching Skyline<\/em><\/div>\n","protected":false},"excerpt":{"rendered":"<p>\u201cBetween Illness And Migration\u201d est le premier album de Your Favorite Enemies \u00e0 sortir au Japon. Un m\u00e9lange de shoegaze, hard pulse rock, de tons progressifs, de post-punk art-rock, et de sons en hautes fr\u00e9quences, l\u2019album se d\u00e9finit aussi par sa po\u00e9sie lyrique livr\u00e9e de fa\u00e7on enrag\u00e9e, tout en \u00e9tant \u00e0 la fois une communion. [&hellip;]<\/p>\n","protected":false},"author":1,"featured_media":0,"parent":938,"menu_order":0,"comment_status":"open","ping_status":"closed","template":"","meta":{"footnotes":""},"class_list":["post-947","page","type-page","status-publish","hentry"],"_links":{"self":[{"href":"http:\/\/betweenillnessandmigration.com\/fr\/wp-json\/wp\/v2\/pages\/947","targetHints":{"allow":["GET"]}}],"collection":[{"href":"http:\/\/betweenillnessandmigration.com\/fr\/wp-json\/wp\/v2\/pages"}],"about":[{"href":"http:\/\/betweenillnessandmigration.com\/fr\/wp-json\/wp\/v2\/types\/page"}],"author":[{"embeddable":true,"href":"http:\/\/betweenillnessandmigration.com\/fr\/wp-json\/wp\/v2\/users\/1"}],"replies":[{"embeddable":true,"href":"http:\/\/betweenillnessandmigration.com\/fr\/wp-json\/wp\/v2\/comments?post=947"}],"version-history":[{"count":4,"href":"http:\/\/betweenillnessandmigration.com\/fr\/wp-json\/wp\/v2\/pages\/947\/revisions"}],"predecessor-version":[{"id":2940,"href":"http:\/\/betweenillnessandmigration.com\/fr\/wp-json\/wp\/v2\/pages\/947\/revisions\/2940"}],"up":[{"embeddable":true,"href":"http:\/\/betweenillnessandmigration.com\/fr\/wp-json\/wp\/v2\/pages\/938"}],"wp:attachment":[{"href":"http:\/\/betweenillnessandmigration.com\/fr\/wp-json\/wp\/v2\/media?parent=947"}],"curies":[{"name":"wp","href":"https:\/\/api.w.org\/{rel}","templated":true}]}}