{"id":2608,"date":"2014-03-17T14:37:33","date_gmt":"2014-03-17T18:37:33","guid":{"rendered":"http:\/\/betweenillnessandmigration.com\/?page_id=2608"},"modified":"2014-08-16T12:17:51","modified_gmt":"2014-08-16T16:17:51","slug":"emear-presale","status":"publish","type":"page","link":"http:\/\/betweenillnessandmigration.com\/ja\/videos\/emear-presale\/","title":{"rendered":"Entre Mare\u0301es et Autres Ressacs Presale"},"content":{"rendered":"<div class=\"videowrapper\"><iframe loading=\"lazy\" width=\"644\" height=\"362\" src=\"\/\/www.youtube.com\/embed\/nizLntXmlls\" frameborder=\"0\" allowfullscreen><\/iframe><\/div>\n<div class=\"box-content\">Entre Mar\u00e9es et Autres Ressacs (EP) (Pr\u00e9-Vente)<br \/>\nEn pr\u00e9-vente en France d\u00e8s le 17 mars 2014<\/p>\n<p>Premier album du groupe indie-rock Montr\u00e9alais \u00e0 para\u00eetre en France apr\u00e8s des ann\u00e9es \u00e0 parcourir les quatre coins du globe, Your Favorite Enemies nous offre, \u00e0 travers ce v\u00e9ritable voyage sonore et po\u00e9tique qu&#8217;est &#8220;Entre Mar\u00e9es Et Autres Ressacs&#8221;, un savant amalgame de noise rock et de post punk, constitu\u00e9 de textures r\u00e9solument progressives et distinctement teint\u00e9 d&#8217;accents shoegaze, le tout soigneusement d\u00e9fini par la richesse des textes, vacillant entre intempestives contemplations, introspectives irr\u00e9solutions et r\u00e9miniscences all\u00e9goriques.<\/p><\/div>\n","protected":false},"excerpt":{"rendered":"<p>Entre Mar\u00e9es et Autres Ressacs (EP) (Pr\u00e9-Vente) En pr\u00e9-vente en France d\u00e8s le 17 mars 2014 Premier album du groupe indie-rock Montr\u00e9alais \u00e0 para\u00eetre en France apr\u00e8s des ann\u00e9es \u00e0 parcourir les quatre coins du globe, Your Favorite Enemies nous offre, \u00e0 travers ce v\u00e9ritable voyage sonore et po\u00e9tique qu&#8217;est &#8220;Entre Mar\u00e9es Et Autres Ressacs&#8221;, [&hellip;]<\/p>\n","protected":false},"author":1,"featured_media":0,"parent":939,"menu_order":0,"comment_status":"open","ping_status":"open","template":"","meta":{"footnotes":""},"class_list":["post-2608","page","type-page","status-publish","hentry"],"_links":{"self":[{"href":"http:\/\/betweenillnessandmigration.com\/ja\/wp-json\/wp\/v2\/pages\/2608","targetHints":{"allow":["GET"]}}],"collection":[{"href":"http:\/\/betweenillnessandmigration.com\/ja\/wp-json\/wp\/v2\/pages"}],"about":[{"href":"http:\/\/betweenillnessandmigration.com\/ja\/wp-json\/wp\/v2\/types\/page"}],"author":[{"embeddable":true,"href":"http:\/\/betweenillnessandmigration.com\/ja\/wp-json\/wp\/v2\/users\/1"}],"replies":[{"embeddable":true,"href":"http:\/\/betweenillnessandmigration.com\/ja\/wp-json\/wp\/v2\/comments?post=2608"}],"version-history":[{"count":2,"href":"http:\/\/betweenillnessandmigration.com\/ja\/wp-json\/wp\/v2\/pages\/2608\/revisions"}],"predecessor-version":[{"id":2951,"href":"http:\/\/betweenillnessandmigration.com\/ja\/wp-json\/wp\/v2\/pages\/2608\/revisions\/2951"}],"up":[{"embeddable":true,"href":"http:\/\/betweenillnessandmigration.com\/ja\/wp-json\/wp\/v2\/pages\/939"}],"wp:attachment":[{"href":"http:\/\/betweenillnessandmigration.com\/ja\/wp-json\/wp\/v2\/media?parent=2608"}],"curies":[{"name":"wp","href":"https:\/\/api.w.org\/{rel}","templated":true}]}}